{"id":8229,"date":"2023-11-23T17:00:52","date_gmt":"2023-11-23T17:00:52","guid":{"rendered":"https:\/\/smartdent.cl\/smartclick\/?post_type=product&#038;p=8229"},"modified":"2025-12-02T15:25:39","modified_gmt":"2025-12-02T15:25:39","slug":"pack-radiografia-full-implantes","status":"publish","type":"product","link":"https:\/\/smartdent.cl\/smartclick\/product\/pack-radiografia-full-implantes\/","title":{"rendered":"PACK RADIOGRAF\u00cdA FULL IMPLANTES"},"content":{"rendered":"","protected":false},"excerpt":{"rendered":"<p>&#8216;- Incluye: Panor\u00e1mica, scanner bimaxilar y diagn\u00f3stico gratuito.<br \/>\n&#8211; Condiciones: De uso interno. Si el paciente solicita la radiograf\u00eda, debe pagar precio normal.<br \/>\n&#8211; Costo Normal: $ 76.400<br \/>\n&#8211; Costo Promoci\u00f3n: $44.990 (descuento de un 41%)<\/p>\n","protected":false},"featured_media":8230,"comment_status":"open","ping_status":"closed","template":"","meta":[],"product_brand":[],"product_cat":[16],"product_tag":[],"class_list":{"0":"post-8229","1":"product","2":"type-product","3":"status-publish","4":"has-post-thumbnail","6":"product_cat-sin-categoria","8":"first","9":"instock","10":"sale","11":"shipping-taxable","12":"purchasable","13":"product-type-simple"},"yoast_head":"<!-- This site is optimized with the Yoast SEO plugin v25.4 - https:\/\/yoast.com\/wordpress\/plugins\/seo\/ -->\n<title>PACK RADIOGRAF\u00cdA FULL IMPLANTES - Smartclick<\/title>\n<meta name=\"robots\" content=\"index, follow, max-snippet:-1, max-image-preview:large, max-video-preview:-1\" \/>\n<link rel=\"canonical\" href=\"https:\/\/smartdent.cl\/smartclick\/product\/pack-radiografia-full-implantes\/\" \/>\n<meta property=\"og:locale\" content=\"es_ES\" \/>\n<meta property=\"og:type\" content=\"article\" \/>\n<meta property=\"og:title\" content=\"PACK RADIOGRAF\u00cdA FULL IMPLANTES - Smartclick\" \/>\n<meta property=\"og:description\" content=\"&#039;- Incluye: Panor\u00e1mica, scanner bimaxilar y diagn\u00f3stico gratuito. - Condiciones: De uso interno. Si el paciente solicita la radiograf\u00eda, debe pagar precio normal. - Costo Normal: $ 76.400 - Costo Promoci\u00f3n: $44.990 (descuento de un 41%)\" \/>\n<meta property=\"og:url\" content=\"https:\/\/smartdent.cl\/smartclick\/product\/pack-radiografia-full-implantes\/\" \/>\n<meta property=\"og:site_name\" content=\"Smartclick\" \/>\n<meta property=\"article:publisher\" content=\"https:\/\/www.facebook.com\/ClinicaSmartDent\/\" \/>\n<meta property=\"article:modified_time\" content=\"2025-12-02T15:25:39+00:00\" \/>\n<meta property=\"og:image\" content=\"https:\/\/smartdent.cl\/smartclick\/wp-content\/uploads\/2024\/10\/prevencion_abril-copia-2.png\" \/>\n\t<meta property=\"og:image:width\" content=\"628\" \/>\n\t<meta property=\"og:image:height\" content=\"601\" \/>\n\t<meta property=\"og:image:type\" content=\"image\/png\" \/>\n<meta name=\"twitter:card\" content=\"summary_large_image\" \/>\n<script type=\"application\/ld+json\" class=\"yoast-schema-graph\">{\"@context\":\"https:\/\/schema.org\",\"@graph\":[{\"@type\":\"WebPage\",\"@id\":\"https:\/\/smartdent.cl\/smartclick\/product\/pack-radiografia-full-implantes\/\",\"url\":\"https:\/\/smartdent.cl\/smartclick\/product\/pack-radiografia-full-implantes\/\",\"name\":\"PACK RADIOGRAF\u00cdA FULL IMPLANTES - Smartclick\",\"isPartOf\":{\"@id\":\"https:\/\/smartdent.cl\/smartclick\/#website\"},\"primaryImageOfPage\":{\"@id\":\"https:\/\/smartdent.cl\/smartclick\/product\/pack-radiografia-full-implantes\/#primaryimage\"},\"image\":{\"@id\":\"https:\/\/smartdent.cl\/smartclick\/product\/pack-radiografia-full-implantes\/#primaryimage\"},\"thumbnailUrl\":\"https:\/\/smartdent.cl\/smartclick\/wp-content\/uploads\/2024\/10\/prevencion_abril-copia-2.png\",\"datePublished\":\"2023-11-23T17:00:52+00:00\",\"dateModified\":\"2025-12-02T15:25:39+00:00\",\"breadcrumb\":{\"@id\":\"https:\/\/smartdent.cl\/smartclick\/product\/pack-radiografia-full-implantes\/#breadcrumb\"},\"inLanguage\":\"es-CL\",\"potentialAction\":[{\"@type\":\"ReadAction\",\"target\":[\"https:\/\/smartdent.cl\/smartclick\/product\/pack-radiografia-full-implantes\/\"]}]},{\"@type\":\"ImageObject\",\"inLanguage\":\"es-CL\",\"@id\":\"https:\/\/smartdent.cl\/smartclick\/product\/pack-radiografia-full-implantes\/#primaryimage\",\"url\":\"https:\/\/smartdent.cl\/smartclick\/wp-content\/uploads\/2024\/10\/prevencion_abril-copia-2.png\",\"contentUrl\":\"https:\/\/smartdent.cl\/smartclick\/wp-content\/uploads\/2024\/10\/prevencion_abril-copia-2.png\",\"width\":628,\"height\":601},{\"@type\":\"BreadcrumbList\",\"@id\":\"https:\/\/smartdent.cl\/smartclick\/product\/pack-radiografia-full-implantes\/#breadcrumb\",\"itemListElement\":[{\"@type\":\"ListItem\",\"position\":1,\"name\":\"Portada\",\"item\":\"https:\/\/smartdent.cl\/smartclick\/\"},{\"@type\":\"ListItem\",\"position\":2,\"name\":\"Shop\",\"item\":\"https:\/\/smartdent.cl\/smartclick\/shop\/\"},{\"@type\":\"ListItem\",\"position\":3,\"name\":\"PACK RADIOGRAF\u00cdA FULL IMPLANTES\"}]},{\"@type\":\"WebSite\",\"@id\":\"https:\/\/smartdent.cl\/smartclick\/#website\",\"url\":\"https:\/\/smartdent.cl\/smartclick\/\",\"name\":\"Smartclick\",\"description\":\"Cuidando tu sonrisa\",\"publisher\":{\"@id\":\"https:\/\/smartdent.cl\/smartclick\/#organization\"},\"potentialAction\":[{\"@type\":\"SearchAction\",\"target\":{\"@type\":\"EntryPoint\",\"urlTemplate\":\"https:\/\/smartdent.cl\/smartclick\/?s={search_term_string}\"},\"query-input\":{\"@type\":\"PropertyValueSpecification\",\"valueRequired\":true,\"valueName\":\"search_term_string\"}}],\"inLanguage\":\"es-CL\"},{\"@type\":\"Organization\",\"@id\":\"https:\/\/smartdent.cl\/smartclick\/#organization\",\"name\":\"Smartclick\",\"url\":\"https:\/\/smartdent.cl\/smartclick\/\",\"logo\":{\"@type\":\"ImageObject\",\"inLanguage\":\"es-CL\",\"@id\":\"https:\/\/smartdent.cl\/smartclick\/#\/schema\/logo\/image\/\",\"url\":\"https:\/\/smartdent.cl\/smartclick\/wp-content\/uploads\/2024\/10\/logo-1.png\",\"contentUrl\":\"https:\/\/smartdent.cl\/smartclick\/wp-content\/uploads\/2024\/10\/logo-1.png\",\"width\":350,\"height\":74,\"caption\":\"Smartclick\"},\"image\":{\"@id\":\"https:\/\/smartdent.cl\/smartclick\/#\/schema\/logo\/image\/\"},\"sameAs\":[\"https:\/\/www.facebook.com\/ClinicaSmartDent\/\"]}]}<\/script>\n<!-- \/ Yoast SEO plugin. -->","yoast_head_json":{"title":"PACK RADIOGRAF\u00cdA FULL IMPLANTES - Smartclick","robots":{"index":"index","follow":"follow","max-snippet":"max-snippet:-1","max-image-preview":"max-image-preview:large","max-video-preview":"max-video-preview:-1"},"canonical":"https:\/\/smartdent.cl\/smartclick\/product\/pack-radiografia-full-implantes\/","og_locale":"es_ES","og_type":"article","og_title":"PACK RADIOGRAF\u00cdA FULL IMPLANTES - Smartclick","og_description":"'- Incluye: Panor\u00e1mica, scanner bimaxilar y diagn\u00f3stico gratuito. - Condiciones: De uso interno. Si el paciente solicita la radiograf\u00eda, debe pagar precio normal. - Costo Normal: $ 76.400 - Costo Promoci\u00f3n: $44.990 (descuento de un 41%)","og_url":"https:\/\/smartdent.cl\/smartclick\/product\/pack-radiografia-full-implantes\/","og_site_name":"Smartclick","article_publisher":"https:\/\/www.facebook.com\/ClinicaSmartDent\/","article_modified_time":"2025-12-02T15:25:39+00:00","og_image":[{"width":628,"height":601,"url":"https:\/\/smartdent.cl\/smartclick\/wp-content\/uploads\/2024\/10\/prevencion_abril-copia-2.png","type":"image\/png"}],"twitter_card":"summary_large_image","schema":{"@context":"https:\/\/schema.org","@graph":[{"@type":"WebPage","@id":"https:\/\/smartdent.cl\/smartclick\/product\/pack-radiografia-full-implantes\/","url":"https:\/\/smartdent.cl\/smartclick\/product\/pack-radiografia-full-implantes\/","name":"PACK RADIOGRAF\u00cdA FULL IMPLANTES - Smartclick","isPartOf":{"@id":"https:\/\/smartdent.cl\/smartclick\/#website"},"primaryImageOfPage":{"@id":"https:\/\/smartdent.cl\/smartclick\/product\/pack-radiografia-full-implantes\/#primaryimage"},"image":{"@id":"https:\/\/smartdent.cl\/smartclick\/product\/pack-radiografia-full-implantes\/#primaryimage"},"thumbnailUrl":"https:\/\/smartdent.cl\/smartclick\/wp-content\/uploads\/2024\/10\/prevencion_abril-copia-2.png","datePublished":"2023-11-23T17:00:52+00:00","dateModified":"2025-12-02T15:25:39+00:00","breadcrumb":{"@id":"https:\/\/smartdent.cl\/smartclick\/product\/pack-radiografia-full-implantes\/#breadcrumb"},"inLanguage":"es-CL","potentialAction":[{"@type":"ReadAction","target":["https:\/\/smartdent.cl\/smartclick\/product\/pack-radiografia-full-implantes\/"]}]},{"@type":"ImageObject","inLanguage":"es-CL","@id":"https:\/\/smartdent.cl\/smartclick\/product\/pack-radiografia-full-implantes\/#primaryimage","url":"https:\/\/smartdent.cl\/smartclick\/wp-content\/uploads\/2024\/10\/prevencion_abril-copia-2.png","contentUrl":"https:\/\/smartdent.cl\/smartclick\/wp-content\/uploads\/2024\/10\/prevencion_abril-copia-2.png","width":628,"height":601},{"@type":"BreadcrumbList","@id":"https:\/\/smartdent.cl\/smartclick\/product\/pack-radiografia-full-implantes\/#breadcrumb","itemListElement":[{"@type":"ListItem","position":1,"name":"Portada","item":"https:\/\/smartdent.cl\/smartclick\/"},{"@type":"ListItem","position":2,"name":"Shop","item":"https:\/\/smartdent.cl\/smartclick\/shop\/"},{"@type":"ListItem","position":3,"name":"PACK RADIOGRAF\u00cdA FULL IMPLANTES"}]},{"@type":"WebSite","@id":"https:\/\/smartdent.cl\/smartclick\/#website","url":"https:\/\/smartdent.cl\/smartclick\/","name":"Smartclick","description":"Cuidando tu sonrisa","publisher":{"@id":"https:\/\/smartdent.cl\/smartclick\/#organization"},"potentialAction":[{"@type":"SearchAction","target":{"@type":"EntryPoint","urlTemplate":"https:\/\/smartdent.cl\/smartclick\/?s={search_term_string}"},"query-input":{"@type":"PropertyValueSpecification","valueRequired":true,"valueName":"search_term_string"}}],"inLanguage":"es-CL"},{"@type":"Organization","@id":"https:\/\/smartdent.cl\/smartclick\/#organization","name":"Smartclick","url":"https:\/\/smartdent.cl\/smartclick\/","logo":{"@type":"ImageObject","inLanguage":"es-CL","@id":"https:\/\/smartdent.cl\/smartclick\/#\/schema\/logo\/image\/","url":"https:\/\/smartdent.cl\/smartclick\/wp-content\/uploads\/2024\/10\/logo-1.png","contentUrl":"https:\/\/smartdent.cl\/smartclick\/wp-content\/uploads\/2024\/10\/logo-1.png","width":350,"height":74,"caption":"Smartclick"},"image":{"@id":"https:\/\/smartdent.cl\/smartclick\/#\/schema\/logo\/image\/"},"sameAs":["https:\/\/www.facebook.com\/ClinicaSmartDent\/"]}]}},"_links":{"self":[{"href":"https:\/\/smartdent.cl\/smartclick\/wp-json\/wp\/v2\/product\/8229","targetHints":{"allow":["GET"]}}],"collection":[{"href":"https:\/\/smartdent.cl\/smartclick\/wp-json\/wp\/v2\/product"}],"about":[{"href":"https:\/\/smartdent.cl\/smartclick\/wp-json\/wp\/v2\/types\/product"}],"replies":[{"embeddable":true,"href":"https:\/\/smartdent.cl\/smartclick\/wp-json\/wp\/v2\/comments?post=8229"}],"wp:featuredmedia":[{"embeddable":true,"href":"https:\/\/smartdent.cl\/smartclick\/wp-json\/wp\/v2\/media\/8230"}],"wp:attachment":[{"href":"https:\/\/smartdent.cl\/smartclick\/wp-json\/wp\/v2\/media?parent=8229"}],"wp:term":[{"taxonomy":"product_brand","embeddable":true,"href":"https:\/\/smartdent.cl\/smartclick\/wp-json\/wp\/v2\/product_brand?post=8229"},{"taxonomy":"product_cat","embeddable":true,"href":"https:\/\/smartdent.cl\/smartclick\/wp-json\/wp\/v2\/product_cat?post=8229"},{"taxonomy":"product_tag","embeddable":true,"href":"https:\/\/smartdent.cl\/smartclick\/wp-json\/wp\/v2\/product_tag?post=8229"}],"curies":[{"name":"wp","href":"https:\/\/api.w.org\/{rel}","templated":true}]}}