{"id":8204,"date":"2023-11-23T15:23:32","date_gmt":"2023-11-23T15:23:32","guid":{"rendered":"https:\/\/smartdent.cl\/smartclick\/?post_type=product&#038;p=8204"},"modified":"2024-10-07T22:00:28","modified_gmt":"2024-10-07T22:00:28","slug":"plan-dental-beneficios-anual","status":"publish","type":"product","link":"https:\/\/smartdent.cl\/smartclick\/product\/plan-dental-beneficios-anual\/","title":{"rendered":"\u00a1NUEVO! PLAN DE BENEFICIOS DENTAL ANUAL"},"content":{"rendered":"<p>Plan Dental Anual, ahorra 434.000 pesos y protege tu sonrisa por un a\u00f1o. Incluye una sesi\u00f3n de blanqueamiento gratis y Acceso al programa de Ortodoncia costo cero!<\/p>\n","protected":false},"excerpt":{"rendered":"<div class=\"page\" title=\"Page 2\">\n<div class=\"section\">\n<div class=\"layoutArea\">\n<p>&nbsp;<\/p>\n<div class=\"column\">\n<p><img fetchpriority=\"high\" decoding=\"async\" class=\"alignnone wp-image-8228 \" src=\"https:\/\/www.smartdent.cl\/wp-content\/uploads\/2023\/11\/img4@72x-100-1.jpg\" alt=\"\" width=\"712\" height=\"459\" \/><\/p>\n<p>&nbsp;<\/p>\n<p style=\"text-align: center;\"><strong>DETALLE DE LOS BENEFICIOS Y PRESTACIONES DEL SMART PLAN<\/strong><\/p>\n<ul>\n<li><strong>Para acceder a los beneficios <\/strong>debe ser socio del Plan Dental, presentar su<\/li>\n<\/ul>\n<p>certificado o comprobante de pago.<\/p>\n<ul>\n<li><strong>Los beneficios de socio <\/strong>no son transferibles a terceros ni a integrantes<\/li>\n<\/ul>\n<p>del grupo familiar.<\/p>\n<ul>\n<li><strong>El Plan Dental <\/strong>no cubre prestaciones por trauma (accidentes)<\/li>\n<\/ul>\n<ul>\n<li><strong>Todas las prestaciones <\/strong>deben pasar obligatoriamente por una primera sesi\u00f3n<\/li>\n<\/ul>\n<p>de <strong>diagn\u00f3stico<\/strong>.<\/p>\n<ul>\n<li><strong>Insumos adicionales <\/strong>no est\u00e1n incluidos en el valor del Plan Dental.<\/li>\n<\/ul>\n<ul>\n<li><strong>El valor de $434.000 <\/strong>est\u00e1 calculado sobre los precios de arancel.<\/li>\n<\/ul>\n<ul>\n<li>Acceso gratuito al<strong> Programa Referidos.<\/strong><strong>\u00a0<\/strong><\/li>\n<\/ul>\n<ul>\n<li><strong>Este certificado expira <\/strong>luego de 12 meses desde la compra del Plan Dental.<\/li>\n<\/ul>\n<ul>\n<li><strong>No se aceptan devoluciones <\/strong>de esta oferta.<\/li>\n<\/ul>\n<\/div>\n<\/div>\n<\/div>\n<\/div>\n","protected":false},"featured_media":8205,"comment_status":"open","ping_status":"closed","template":"","meta":[],"product_brand":[],"product_cat":[16],"product_tag":[],"class_list":{"0":"post-8204","1":"product","2":"type-product","3":"status-publish","4":"has-post-thumbnail","6":"product_cat-sin-categoria","8":"first","9":"instock","10":"sale","11":"virtual","12":"purchasable","13":"product-type-simple"},"yoast_head":"<!-- This site is optimized with the Yoast SEO plugin v25.4 - https:\/\/yoast.com\/wordpress\/plugins\/seo\/ -->\n<title>\u00a1NUEVO! PLAN DE BENEFICIOS DENTAL ANUAL - Smartclick<\/title>\n<meta name=\"robots\" content=\"index, follow, max-snippet:-1, max-image-preview:large, max-video-preview:-1\" \/>\n<link rel=\"canonical\" href=\"https:\/\/smartdent.cl\/smartclick\/product\/plan-dental-beneficios-anual\/\" \/>\n<meta property=\"og:locale\" content=\"es_ES\" \/>\n<meta property=\"og:type\" content=\"article\" \/>\n<meta property=\"og:title\" content=\"\u00a1NUEVO! PLAN DE BENEFICIOS DENTAL ANUAL - Smartclick\" \/>\n<meta property=\"og:description\" content=\"&nbsp;     &nbsp; DETALLE DE LOS BENEFICIOS Y PRESTACIONES DEL SMART PLAN    Para acceder a los beneficios debe ser socio del Plan Dental, presentar su  certificado o comprobante de pago.   Los beneficios de socio no son transferibles a terceros ni a integrantes  del grupo familiar.   El Plan Dental no cubre prestaciones por trauma (accidentes)    Todas las prestaciones deben pasar obligatoriamente por una primera sesi\u00f3n  de diagn\u00f3stico.   Insumos adicionales no est\u00e1n incluidos en el valor del Plan Dental.    El valor de $434.000 est\u00e1 calculado sobre los precios de arancel.    Acceso gratuito al Programa Referidos.\u00a0    Este certificado expira luego de 12 meses desde la compra del Plan Dental.    No se aceptan devoluciones de esta oferta.\" \/>\n<meta property=\"og:url\" content=\"https:\/\/smartdent.cl\/smartclick\/product\/plan-dental-beneficios-anual\/\" \/>\n<meta property=\"og:site_name\" content=\"Smartclick\" \/>\n<meta property=\"article:publisher\" content=\"https:\/\/www.facebook.com\/ClinicaSmartDent\/\" \/>\n<meta property=\"article:modified_time\" content=\"2024-10-07T22:00:28+00:00\" \/>\n<meta property=\"og:image\" content=\"https:\/\/smartdent.cl\/smartclick\/wp-content\/uploads\/2024\/10\/estetica_abril.png\" \/>\n\t<meta property=\"og:image:width\" content=\"628\" \/>\n\t<meta property=\"og:image:height\" content=\"601\" \/>\n\t<meta property=\"og:image:type\" content=\"image\/png\" \/>\n<meta name=\"twitter:card\" content=\"summary_large_image\" \/>\n<script type=\"application\/ld+json\" class=\"yoast-schema-graph\">{\"@context\":\"https:\/\/schema.org\",\"@graph\":[{\"@type\":\"WebPage\",\"@id\":\"https:\/\/smartdent.cl\/smartclick\/product\/plan-dental-beneficios-anual\/\",\"url\":\"https:\/\/smartdent.cl\/smartclick\/product\/plan-dental-beneficios-anual\/\",\"name\":\"\u00a1NUEVO! PLAN DE BENEFICIOS DENTAL ANUAL - Smartclick\",\"isPartOf\":{\"@id\":\"https:\/\/smartdent.cl\/smartclick\/#website\"},\"primaryImageOfPage\":{\"@id\":\"https:\/\/smartdent.cl\/smartclick\/product\/plan-dental-beneficios-anual\/#primaryimage\"},\"image\":{\"@id\":\"https:\/\/smartdent.cl\/smartclick\/product\/plan-dental-beneficios-anual\/#primaryimage\"},\"thumbnailUrl\":\"https:\/\/smartdent.cl\/smartclick\/wp-content\/uploads\/2024\/10\/estetica_abril.png\",\"datePublished\":\"2023-11-23T15:23:32+00:00\",\"dateModified\":\"2024-10-07T22:00:28+00:00\",\"breadcrumb\":{\"@id\":\"https:\/\/smartdent.cl\/smartclick\/product\/plan-dental-beneficios-anual\/#breadcrumb\"},\"inLanguage\":\"es-CL\",\"potentialAction\":[{\"@type\":\"ReadAction\",\"target\":[\"https:\/\/smartdent.cl\/smartclick\/product\/plan-dental-beneficios-anual\/\"]}]},{\"@type\":\"ImageObject\",\"inLanguage\":\"es-CL\",\"@id\":\"https:\/\/smartdent.cl\/smartclick\/product\/plan-dental-beneficios-anual\/#primaryimage\",\"url\":\"https:\/\/smartdent.cl\/smartclick\/wp-content\/uploads\/2024\/10\/estetica_abril.png\",\"contentUrl\":\"https:\/\/smartdent.cl\/smartclick\/wp-content\/uploads\/2024\/10\/estetica_abril.png\",\"width\":628,\"height\":601},{\"@type\":\"BreadcrumbList\",\"@id\":\"https:\/\/smartdent.cl\/smartclick\/product\/plan-dental-beneficios-anual\/#breadcrumb\",\"itemListElement\":[{\"@type\":\"ListItem\",\"position\":1,\"name\":\"Portada\",\"item\":\"https:\/\/smartdent.cl\/smartclick\/\"},{\"@type\":\"ListItem\",\"position\":2,\"name\":\"Shop\",\"item\":\"https:\/\/smartdent.cl\/smartclick\/shop\/\"},{\"@type\":\"ListItem\",\"position\":3,\"name\":\"\u00a1NUEVO! PLAN DE BENEFICIOS DENTAL ANUAL\"}]},{\"@type\":\"WebSite\",\"@id\":\"https:\/\/smartdent.cl\/smartclick\/#website\",\"url\":\"https:\/\/smartdent.cl\/smartclick\/\",\"name\":\"Smartclick\",\"description\":\"Cuidando tu sonrisa\",\"publisher\":{\"@id\":\"https:\/\/smartdent.cl\/smartclick\/#organization\"},\"potentialAction\":[{\"@type\":\"SearchAction\",\"target\":{\"@type\":\"EntryPoint\",\"urlTemplate\":\"https:\/\/smartdent.cl\/smartclick\/?s={search_term_string}\"},\"query-input\":{\"@type\":\"PropertyValueSpecification\",\"valueRequired\":true,\"valueName\":\"search_term_string\"}}],\"inLanguage\":\"es-CL\"},{\"@type\":\"Organization\",\"@id\":\"https:\/\/smartdent.cl\/smartclick\/#organization\",\"name\":\"Smartclick\",\"url\":\"https:\/\/smartdent.cl\/smartclick\/\",\"logo\":{\"@type\":\"ImageObject\",\"inLanguage\":\"es-CL\",\"@id\":\"https:\/\/smartdent.cl\/smartclick\/#\/schema\/logo\/image\/\",\"url\":\"https:\/\/smartdent.cl\/smartclick\/wp-content\/uploads\/2024\/10\/logo-1.png\",\"contentUrl\":\"https:\/\/smartdent.cl\/smartclick\/wp-content\/uploads\/2024\/10\/logo-1.png\",\"width\":350,\"height\":74,\"caption\":\"Smartclick\"},\"image\":{\"@id\":\"https:\/\/smartdent.cl\/smartclick\/#\/schema\/logo\/image\/\"},\"sameAs\":[\"https:\/\/www.facebook.com\/ClinicaSmartDent\/\"]}]}<\/script>\n<!-- \/ Yoast SEO plugin. -->","yoast_head_json":{"title":"\u00a1NUEVO! PLAN DE BENEFICIOS DENTAL ANUAL - Smartclick","robots":{"index":"index","follow":"follow","max-snippet":"max-snippet:-1","max-image-preview":"max-image-preview:large","max-video-preview":"max-video-preview:-1"},"canonical":"https:\/\/smartdent.cl\/smartclick\/product\/plan-dental-beneficios-anual\/","og_locale":"es_ES","og_type":"article","og_title":"\u00a1NUEVO! PLAN DE BENEFICIOS DENTAL ANUAL - Smartclick","og_description":"&nbsp;     &nbsp; DETALLE DE LOS BENEFICIOS Y PRESTACIONES DEL SMART PLAN    Para acceder a los beneficios debe ser socio del Plan Dental, presentar su  certificado o comprobante de pago.   Los beneficios de socio no son transferibles a terceros ni a integrantes  del grupo familiar.   El Plan Dental no cubre prestaciones por trauma (accidentes)    Todas las prestaciones deben pasar obligatoriamente por una primera sesi\u00f3n  de diagn\u00f3stico.   Insumos adicionales no est\u00e1n incluidos en el valor del Plan Dental.    El valor de $434.000 est\u00e1 calculado sobre los precios de arancel.    Acceso gratuito al Programa Referidos.\u00a0    Este certificado expira luego de 12 meses desde la compra del Plan Dental.    No se aceptan devoluciones de esta oferta.","og_url":"https:\/\/smartdent.cl\/smartclick\/product\/plan-dental-beneficios-anual\/","og_site_name":"Smartclick","article_publisher":"https:\/\/www.facebook.com\/ClinicaSmartDent\/","article_modified_time":"2024-10-07T22:00:28+00:00","og_image":[{"width":628,"height":601,"url":"https:\/\/smartdent.cl\/smartclick\/wp-content\/uploads\/2024\/10\/estetica_abril.png","type":"image\/png"}],"twitter_card":"summary_large_image","schema":{"@context":"https:\/\/schema.org","@graph":[{"@type":"WebPage","@id":"https:\/\/smartdent.cl\/smartclick\/product\/plan-dental-beneficios-anual\/","url":"https:\/\/smartdent.cl\/smartclick\/product\/plan-dental-beneficios-anual\/","name":"\u00a1NUEVO! PLAN DE BENEFICIOS DENTAL ANUAL - Smartclick","isPartOf":{"@id":"https:\/\/smartdent.cl\/smartclick\/#website"},"primaryImageOfPage":{"@id":"https:\/\/smartdent.cl\/smartclick\/product\/plan-dental-beneficios-anual\/#primaryimage"},"image":{"@id":"https:\/\/smartdent.cl\/smartclick\/product\/plan-dental-beneficios-anual\/#primaryimage"},"thumbnailUrl":"https:\/\/smartdent.cl\/smartclick\/wp-content\/uploads\/2024\/10\/estetica_abril.png","datePublished":"2023-11-23T15:23:32+00:00","dateModified":"2024-10-07T22:00:28+00:00","breadcrumb":{"@id":"https:\/\/smartdent.cl\/smartclick\/product\/plan-dental-beneficios-anual\/#breadcrumb"},"inLanguage":"es-CL","potentialAction":[{"@type":"ReadAction","target":["https:\/\/smartdent.cl\/smartclick\/product\/plan-dental-beneficios-anual\/"]}]},{"@type":"ImageObject","inLanguage":"es-CL","@id":"https:\/\/smartdent.cl\/smartclick\/product\/plan-dental-beneficios-anual\/#primaryimage","url":"https:\/\/smartdent.cl\/smartclick\/wp-content\/uploads\/2024\/10\/estetica_abril.png","contentUrl":"https:\/\/smartdent.cl\/smartclick\/wp-content\/uploads\/2024\/10\/estetica_abril.png","width":628,"height":601},{"@type":"BreadcrumbList","@id":"https:\/\/smartdent.cl\/smartclick\/product\/plan-dental-beneficios-anual\/#breadcrumb","itemListElement":[{"@type":"ListItem","position":1,"name":"Portada","item":"https:\/\/smartdent.cl\/smartclick\/"},{"@type":"ListItem","position":2,"name":"Shop","item":"https:\/\/smartdent.cl\/smartclick\/shop\/"},{"@type":"ListItem","position":3,"name":"\u00a1NUEVO! PLAN DE BENEFICIOS DENTAL ANUAL"}]},{"@type":"WebSite","@id":"https:\/\/smartdent.cl\/smartclick\/#website","url":"https:\/\/smartdent.cl\/smartclick\/","name":"Smartclick","description":"Cuidando tu sonrisa","publisher":{"@id":"https:\/\/smartdent.cl\/smartclick\/#organization"},"potentialAction":[{"@type":"SearchAction","target":{"@type":"EntryPoint","urlTemplate":"https:\/\/smartdent.cl\/smartclick\/?s={search_term_string}"},"query-input":{"@type":"PropertyValueSpecification","valueRequired":true,"valueName":"search_term_string"}}],"inLanguage":"es-CL"},{"@type":"Organization","@id":"https:\/\/smartdent.cl\/smartclick\/#organization","name":"Smartclick","url":"https:\/\/smartdent.cl\/smartclick\/","logo":{"@type":"ImageObject","inLanguage":"es-CL","@id":"https:\/\/smartdent.cl\/smartclick\/#\/schema\/logo\/image\/","url":"https:\/\/smartdent.cl\/smartclick\/wp-content\/uploads\/2024\/10\/logo-1.png","contentUrl":"https:\/\/smartdent.cl\/smartclick\/wp-content\/uploads\/2024\/10\/logo-1.png","width":350,"height":74,"caption":"Smartclick"},"image":{"@id":"https:\/\/smartdent.cl\/smartclick\/#\/schema\/logo\/image\/"},"sameAs":["https:\/\/www.facebook.com\/ClinicaSmartDent\/"]}]}},"_links":{"self":[{"href":"https:\/\/smartdent.cl\/smartclick\/wp-json\/wp\/v2\/product\/8204","targetHints":{"allow":["GET"]}}],"collection":[{"href":"https:\/\/smartdent.cl\/smartclick\/wp-json\/wp\/v2\/product"}],"about":[{"href":"https:\/\/smartdent.cl\/smartclick\/wp-json\/wp\/v2\/types\/product"}],"replies":[{"embeddable":true,"href":"https:\/\/smartdent.cl\/smartclick\/wp-json\/wp\/v2\/comments?post=8204"}],"wp:featuredmedia":[{"embeddable":true,"href":"https:\/\/smartdent.cl\/smartclick\/wp-json\/wp\/v2\/media\/8205"}],"wp:attachment":[{"href":"https:\/\/smartdent.cl\/smartclick\/wp-json\/wp\/v2\/media?parent=8204"}],"wp:term":[{"taxonomy":"product_brand","embeddable":true,"href":"https:\/\/smartdent.cl\/smartclick\/wp-json\/wp\/v2\/product_brand?post=8204"},{"taxonomy":"product_cat","embeddable":true,"href":"https:\/\/smartdent.cl\/smartclick\/wp-json\/wp\/v2\/product_cat?post=8204"},{"taxonomy":"product_tag","embeddable":true,"href":"https:\/\/smartdent.cl\/smartclick\/wp-json\/wp\/v2\/product_tag?post=8204"}],"curies":[{"name":"wp","href":"https:\/\/api.w.org\/{rel}","templated":true}]}}