{"id":7016,"date":"2023-08-02T12:22:41","date_gmt":"2023-08-02T12:22:41","guid":{"rendered":"https:\/\/smartdent.cl\/smartclick\/?post_type=product&#038;p=7016"},"modified":"2025-12-03T01:13:45","modified_gmt":"2025-12-03T01:13:45","slug":"limpieza-dental","status":"publish","type":"product","link":"https:\/\/smartdent.cl\/smartclick\/product\/limpieza-dental\/","title":{"rendered":"LIMPIEZA DENTAL"},"content":{"rendered":"<p>LIMPIEZA DENTAL CAMPA\u00d1A TELET\u00d3N Incluye: Diagn\u00f3stico, Destartraje supragingival y Profilaxis.<br \/>\nNo incluye: Radiograf\u00edas ni tratamientos adicionales.<br \/>\n*Sujeto a diagn\u00f3stico.<br \/>\n*No v\u00e1lida para personas con enfermedad periodontal.<br \/>\n*No acumulable con otras promociones.<\/p>\n<p>El plan promocional est\u00e1 planificado en a lo menos 2 sesiones de 20 minutos cada una. La primera sesi\u00f3n ser\u00e1 de diagn\u00f3stico completo, el cirujano podr\u00eda necesitar radiograf\u00edas (no incluidas en esta compra) para completar el diagn\u00f3stico. La segunda sesi\u00f3n (limpieza) podr\u00edan o NO ser el mismo d\u00eda, dependiendo de la disponibilidad de agenda de los especialistas.<br \/>\nEn caso que el diagn\u00f3stico completo arroje periodontitis, o enfermedades periodontales, esta limpieza se homologar\u00e1 por un Destartraje supragingival necesario, que planificar\u00e1 el especialista de cl\u00ednica SmartDent SpA.<\/p>\n","protected":false},"excerpt":{"rendered":"<p>Incluye: Diagn\u00f3stico, Destartraje supragingival y Profilaxis.<br \/>\nNo incluye: Radiograf\u00edas ni tratamientos adicionales.<br \/>\n*Sujeto a diagn\u00f3stico.<br \/>\n*No v\u00e1lida para personas con enfermedad periodontal.<br \/>\n*No acumulable con otras promociones.<\/p>\n","protected":false},"featured_media":8205,"comment_status":"closed","ping_status":"closed","template":"","meta":[],"product_brand":[],"product_cat":[16],"product_tag":[],"class_list":{"0":"post-7016","1":"product","2":"type-product","3":"status-publish","4":"has-post-thumbnail","6":"product_cat-sin-categoria","8":"first","9":"instock","10":"virtual","11":"purchasable","12":"product-type-simple"},"yoast_head":"<!-- This site is optimized with the Yoast SEO plugin v25.4 - https:\/\/yoast.com\/wordpress\/plugins\/seo\/ -->\n<title>LIMPIEZA DENTAL - Smartclick<\/title>\n<meta name=\"description\" content=\"Tu sonrisa es la sonrisa de la Telet\u00f3n. Compra tu limpieza dental y todas las ganancias ser\u00e1n destinadas a la Telet\u00f3n 2025.\" \/>\n<meta name=\"robots\" content=\"index, follow, max-snippet:-1, max-image-preview:large, max-video-preview:-1\" \/>\n<link rel=\"canonical\" href=\"https:\/\/smartdent.cl\/smartclick\/product\/limpieza-dental\/\" \/>\n<meta property=\"og:locale\" content=\"es_ES\" \/>\n<meta property=\"og:type\" content=\"article\" \/>\n<meta property=\"og:title\" content=\"LIMPIEZA DENTAL - Smartclick\" \/>\n<meta property=\"og:description\" content=\"Tu sonrisa es la sonrisa de la Telet\u00f3n. Compra tu limpieza dental y todas las ganancias ser\u00e1n destinadas a la Telet\u00f3n 2025.\" \/>\n<meta property=\"og:url\" content=\"https:\/\/smartdent.cl\/smartclick\/product\/limpieza-dental\/\" \/>\n<meta property=\"og:site_name\" content=\"Smartclick\" \/>\n<meta property=\"article:publisher\" content=\"https:\/\/www.facebook.com\/ClinicaSmartDent\/\" \/>\n<meta property=\"article:modified_time\" content=\"2025-12-03T01:13:45+00:00\" \/>\n<meta property=\"og:image\" content=\"https:\/\/smartdent.cl\/smartclick\/wp-content\/uploads\/2024\/10\/estetica_abril.png\" \/>\n\t<meta property=\"og:image:width\" content=\"628\" \/>\n\t<meta property=\"og:image:height\" content=\"601\" \/>\n\t<meta property=\"og:image:type\" content=\"image\/png\" \/>\n<meta name=\"twitter:card\" content=\"summary_large_image\" \/>\n<meta name=\"twitter:label1\" content=\"Tiempo estimado de lectura\" \/>\n\t<meta name=\"twitter:data1\" content=\"1 minuto\" \/>\n<script type=\"application\/ld+json\" class=\"yoast-schema-graph\">{\"@context\":\"https:\/\/schema.org\",\"@graph\":[{\"@type\":\"WebPage\",\"@id\":\"https:\/\/smartdent.cl\/smartclick\/product\/limpieza-dental\/\",\"url\":\"https:\/\/smartdent.cl\/smartclick\/product\/limpieza-dental\/\",\"name\":\"LIMPIEZA DENTAL - Smartclick\",\"isPartOf\":{\"@id\":\"https:\/\/smartdent.cl\/smartclick\/#website\"},\"primaryImageOfPage\":{\"@id\":\"https:\/\/smartdent.cl\/smartclick\/product\/limpieza-dental\/#primaryimage\"},\"image\":{\"@id\":\"https:\/\/smartdent.cl\/smartclick\/product\/limpieza-dental\/#primaryimage\"},\"thumbnailUrl\":\"https:\/\/smartdent.cl\/smartclick\/wp-content\/uploads\/2024\/10\/estetica_abril.png\",\"datePublished\":\"2023-08-02T12:22:41+00:00\",\"dateModified\":\"2025-12-03T01:13:45+00:00\",\"description\":\"Tu sonrisa es la sonrisa de la Telet\u00f3n. Compra tu limpieza dental y todas las ganancias ser\u00e1n destinadas a la Telet\u00f3n 2025.\",\"breadcrumb\":{\"@id\":\"https:\/\/smartdent.cl\/smartclick\/product\/limpieza-dental\/#breadcrumb\"},\"inLanguage\":\"es-CL\",\"potentialAction\":[{\"@type\":\"ReadAction\",\"target\":[\"https:\/\/smartdent.cl\/smartclick\/product\/limpieza-dental\/\"]}]},{\"@type\":\"ImageObject\",\"inLanguage\":\"es-CL\",\"@id\":\"https:\/\/smartdent.cl\/smartclick\/product\/limpieza-dental\/#primaryimage\",\"url\":\"https:\/\/smartdent.cl\/smartclick\/wp-content\/uploads\/2024\/10\/estetica_abril.png\",\"contentUrl\":\"https:\/\/smartdent.cl\/smartclick\/wp-content\/uploads\/2024\/10\/estetica_abril.png\",\"width\":628,\"height\":601},{\"@type\":\"BreadcrumbList\",\"@id\":\"https:\/\/smartdent.cl\/smartclick\/product\/limpieza-dental\/#breadcrumb\",\"itemListElement\":[{\"@type\":\"ListItem\",\"position\":1,\"name\":\"Portada\",\"item\":\"https:\/\/smartdent.cl\/smartclick\/\"},{\"@type\":\"ListItem\",\"position\":2,\"name\":\"Shop\",\"item\":\"https:\/\/smartdent.cl\/smartclick\/shop\/\"},{\"@type\":\"ListItem\",\"position\":3,\"name\":\"LIMPIEZA DENTAL\"}]},{\"@type\":\"WebSite\",\"@id\":\"https:\/\/smartdent.cl\/smartclick\/#website\",\"url\":\"https:\/\/smartdent.cl\/smartclick\/\",\"name\":\"Smartclick\",\"description\":\"Cuidando tu sonrisa\",\"publisher\":{\"@id\":\"https:\/\/smartdent.cl\/smartclick\/#organization\"},\"potentialAction\":[{\"@type\":\"SearchAction\",\"target\":{\"@type\":\"EntryPoint\",\"urlTemplate\":\"https:\/\/smartdent.cl\/smartclick\/?s={search_term_string}\"},\"query-input\":{\"@type\":\"PropertyValueSpecification\",\"valueRequired\":true,\"valueName\":\"search_term_string\"}}],\"inLanguage\":\"es-CL\"},{\"@type\":\"Organization\",\"@id\":\"https:\/\/smartdent.cl\/smartclick\/#organization\",\"name\":\"Smartclick\",\"url\":\"https:\/\/smartdent.cl\/smartclick\/\",\"logo\":{\"@type\":\"ImageObject\",\"inLanguage\":\"es-CL\",\"@id\":\"https:\/\/smartdent.cl\/smartclick\/#\/schema\/logo\/image\/\",\"url\":\"https:\/\/smartdent.cl\/smartclick\/wp-content\/uploads\/2024\/10\/logo-1.png\",\"contentUrl\":\"https:\/\/smartdent.cl\/smartclick\/wp-content\/uploads\/2024\/10\/logo-1.png\",\"width\":350,\"height\":74,\"caption\":\"Smartclick\"},\"image\":{\"@id\":\"https:\/\/smartdent.cl\/smartclick\/#\/schema\/logo\/image\/\"},\"sameAs\":[\"https:\/\/www.facebook.com\/ClinicaSmartDent\/\"]}]}<\/script>\n<!-- \/ Yoast SEO plugin. -->","yoast_head_json":{"title":"LIMPIEZA DENTAL - Smartclick","description":"Tu sonrisa es la sonrisa de la Telet\u00f3n. Compra tu limpieza dental y todas las ganancias ser\u00e1n destinadas a la Telet\u00f3n 2025.","robots":{"index":"index","follow":"follow","max-snippet":"max-snippet:-1","max-image-preview":"max-image-preview:large","max-video-preview":"max-video-preview:-1"},"canonical":"https:\/\/smartdent.cl\/smartclick\/product\/limpieza-dental\/","og_locale":"es_ES","og_type":"article","og_title":"LIMPIEZA DENTAL - Smartclick","og_description":"Tu sonrisa es la sonrisa de la Telet\u00f3n. Compra tu limpieza dental y todas las ganancias ser\u00e1n destinadas a la Telet\u00f3n 2025.","og_url":"https:\/\/smartdent.cl\/smartclick\/product\/limpieza-dental\/","og_site_name":"Smartclick","article_publisher":"https:\/\/www.facebook.com\/ClinicaSmartDent\/","article_modified_time":"2025-12-03T01:13:45+00:00","og_image":[{"width":628,"height":601,"url":"https:\/\/smartdent.cl\/smartclick\/wp-content\/uploads\/2024\/10\/estetica_abril.png","type":"image\/png"}],"twitter_card":"summary_large_image","twitter_misc":{"Tiempo estimado de lectura":"1 minuto"},"schema":{"@context":"https:\/\/schema.org","@graph":[{"@type":"WebPage","@id":"https:\/\/smartdent.cl\/smartclick\/product\/limpieza-dental\/","url":"https:\/\/smartdent.cl\/smartclick\/product\/limpieza-dental\/","name":"LIMPIEZA DENTAL - Smartclick","isPartOf":{"@id":"https:\/\/smartdent.cl\/smartclick\/#website"},"primaryImageOfPage":{"@id":"https:\/\/smartdent.cl\/smartclick\/product\/limpieza-dental\/#primaryimage"},"image":{"@id":"https:\/\/smartdent.cl\/smartclick\/product\/limpieza-dental\/#primaryimage"},"thumbnailUrl":"https:\/\/smartdent.cl\/smartclick\/wp-content\/uploads\/2024\/10\/estetica_abril.png","datePublished":"2023-08-02T12:22:41+00:00","dateModified":"2025-12-03T01:13:45+00:00","description":"Tu sonrisa es la sonrisa de la Telet\u00f3n. Compra tu limpieza dental y todas las ganancias ser\u00e1n destinadas a la Telet\u00f3n 2025.","breadcrumb":{"@id":"https:\/\/smartdent.cl\/smartclick\/product\/limpieza-dental\/#breadcrumb"},"inLanguage":"es-CL","potentialAction":[{"@type":"ReadAction","target":["https:\/\/smartdent.cl\/smartclick\/product\/limpieza-dental\/"]}]},{"@type":"ImageObject","inLanguage":"es-CL","@id":"https:\/\/smartdent.cl\/smartclick\/product\/limpieza-dental\/#primaryimage","url":"https:\/\/smartdent.cl\/smartclick\/wp-content\/uploads\/2024\/10\/estetica_abril.png","contentUrl":"https:\/\/smartdent.cl\/smartclick\/wp-content\/uploads\/2024\/10\/estetica_abril.png","width":628,"height":601},{"@type":"BreadcrumbList","@id":"https:\/\/smartdent.cl\/smartclick\/product\/limpieza-dental\/#breadcrumb","itemListElement":[{"@type":"ListItem","position":1,"name":"Portada","item":"https:\/\/smartdent.cl\/smartclick\/"},{"@type":"ListItem","position":2,"name":"Shop","item":"https:\/\/smartdent.cl\/smartclick\/shop\/"},{"@type":"ListItem","position":3,"name":"LIMPIEZA DENTAL"}]},{"@type":"WebSite","@id":"https:\/\/smartdent.cl\/smartclick\/#website","url":"https:\/\/smartdent.cl\/smartclick\/","name":"Smartclick","description":"Cuidando tu sonrisa","publisher":{"@id":"https:\/\/smartdent.cl\/smartclick\/#organization"},"potentialAction":[{"@type":"SearchAction","target":{"@type":"EntryPoint","urlTemplate":"https:\/\/smartdent.cl\/smartclick\/?s={search_term_string}"},"query-input":{"@type":"PropertyValueSpecification","valueRequired":true,"valueName":"search_term_string"}}],"inLanguage":"es-CL"},{"@type":"Organization","@id":"https:\/\/smartdent.cl\/smartclick\/#organization","name":"Smartclick","url":"https:\/\/smartdent.cl\/smartclick\/","logo":{"@type":"ImageObject","inLanguage":"es-CL","@id":"https:\/\/smartdent.cl\/smartclick\/#\/schema\/logo\/image\/","url":"https:\/\/smartdent.cl\/smartclick\/wp-content\/uploads\/2024\/10\/logo-1.png","contentUrl":"https:\/\/smartdent.cl\/smartclick\/wp-content\/uploads\/2024\/10\/logo-1.png","width":350,"height":74,"caption":"Smartclick"},"image":{"@id":"https:\/\/smartdent.cl\/smartclick\/#\/schema\/logo\/image\/"},"sameAs":["https:\/\/www.facebook.com\/ClinicaSmartDent\/"]}]}},"_links":{"self":[{"href":"https:\/\/smartdent.cl\/smartclick\/wp-json\/wp\/v2\/product\/7016","targetHints":{"allow":["GET"]}}],"collection":[{"href":"https:\/\/smartdent.cl\/smartclick\/wp-json\/wp\/v2\/product"}],"about":[{"href":"https:\/\/smartdent.cl\/smartclick\/wp-json\/wp\/v2\/types\/product"}],"replies":[{"embeddable":true,"href":"https:\/\/smartdent.cl\/smartclick\/wp-json\/wp\/v2\/comments?post=7016"}],"wp:featuredmedia":[{"embeddable":true,"href":"https:\/\/smartdent.cl\/smartclick\/wp-json\/wp\/v2\/media\/8205"}],"wp:attachment":[{"href":"https:\/\/smartdent.cl\/smartclick\/wp-json\/wp\/v2\/media?parent=7016"}],"wp:term":[{"taxonomy":"product_brand","embeddable":true,"href":"https:\/\/smartdent.cl\/smartclick\/wp-json\/wp\/v2\/product_brand?post=7016"},{"taxonomy":"product_cat","embeddable":true,"href":"https:\/\/smartdent.cl\/smartclick\/wp-json\/wp\/v2\/product_cat?post=7016"},{"taxonomy":"product_tag","embeddable":true,"href":"https:\/\/smartdent.cl\/smartclick\/wp-json\/wp\/v2\/product_tag?post=7016"}],"curies":[{"name":"wp","href":"https:\/\/api.w.org\/{rel}","templated":true}]}}